{"id":35,"date":"2016-11-29T01:21:42","date_gmt":"2016-11-29T01:21:42","guid":{"rendered":"https:\/\/oceanwp.org\/stylish\/?page_id=35"},"modified":"2024-01-23T19:30:42","modified_gmt":"2024-01-23T18:30:42","slug":"nasza-historia","status":"publish","type":"page","link":"https:\/\/pasiekijanowskich.pl\/index.php\/nasza-historia\/","title":{"rendered":"Nasza historia"},"content":{"rendered":"\t\t<div data-elementor-type=\"wp-page\" data-elementor-id=\"35\" class=\"elementor elementor-35\" data-elementor-post-type=\"page\">\n\t\t\t\t<div class=\"elementor-element elementor-element-588dc3b e-flex e-con-boxed e-con e-parent\" data-id=\"588dc3b\" data-element_type=\"container\">\n\t\t\t\t\t<div class=\"e-con-inner\">\n\t\t\t\t<div class=\"elementor-element elementor-element-04bef91 elementor-invisible elementor-widget elementor-widget-heading\" data-id=\"04bef91\" data-element_type=\"widget\" data-settings=\"{&quot;_animation&quot;:&quot;fadeInLeft&quot;}\" data-widget_type=\"heading.default\">\n\t\t\t\t<div class=\"elementor-widget-container\">\n\t\t\t\t\t<h1 class=\"elementor-heading-title elementor-size-default\">Historia naszej pasieki<\/h1>\t\t\t\t<\/div>\n\t\t\t\t<\/div>\n\t\t\t\t\t<\/div>\n\t\t\t\t<\/div>\n\t\t\t\t<section class=\"elementor-section elementor-top-section elementor-element elementor-element-d905555 elementor-section-content-middle elementor-section-boxed elementor-section-height-default elementor-section-height-default\" data-id=\"d905555\" data-element_type=\"section\">\n\t\t\t\t\t\t<div class=\"elementor-container elementor-column-gap-default\">\n\t\t\t\t\t<div class=\"elementor-column elementor-col-50 elementor-top-column elementor-element elementor-element-4721263\" data-id=\"4721263\" data-element_type=\"column\">\n\t\t\t<div class=\"elementor-widget-wrap elementor-element-populated\">\n\t\t\t\t\t\t<div class=\"elementor-element elementor-element-d551e49 elementor-invisible elementor-widget elementor-widget-image\" data-id=\"d551e49\" data-element_type=\"widget\" data-settings=\"{&quot;_animation&quot;:&quot;slideInDown&quot;}\" data-widget_type=\"image.default\">\n\t\t\t\t<div class=\"elementor-widget-container\">\n\t\t\t\t\t\t\t\t\t\t\t\t\t\t\t<img fetchpriority=\"high\" decoding=\"async\" width=\"951\" height=\"617\" src=\"https:\/\/pasiekijanowskich.pl\/wp-content\/uploads\/2024\/01\/13000128_1720499684896681_6489600921016886836_n.jpeg\" class=\"attachment-full size-full wp-image-905\" alt=\"\" srcset=\"https:\/\/pasiekijanowskich.pl\/wp-content\/uploads\/2024\/01\/13000128_1720499684896681_6489600921016886836_n.jpeg 951w, https:\/\/pasiekijanowskich.pl\/wp-content\/uploads\/2024\/01\/13000128_1720499684896681_6489600921016886836_n-504x327.jpeg 504w, https:\/\/pasiekijanowskich.pl\/wp-content\/uploads\/2024\/01\/13000128_1720499684896681_6489600921016886836_n-300x195.jpeg 300w, https:\/\/pasiekijanowskich.pl\/wp-content\/uploads\/2024\/01\/13000128_1720499684896681_6489600921016886836_n-768x498.jpeg 768w\" sizes=\"(max-width: 951px) 100vw, 951px\" \/>\t\t\t\t\t\t\t\t\t\t\t\t\t\t\t<\/div>\n\t\t\t\t<\/div>\n\t\t\t\t<div class=\"elementor-element elementor-element-f13da0e elementor-invisible elementor-widget elementor-widget-image\" data-id=\"f13da0e\" data-element_type=\"widget\" data-settings=\"{&quot;_animation&quot;:&quot;slideInUp&quot;}\" data-widget_type=\"image.default\">\n\t\t\t\t<div class=\"elementor-widget-container\">\n\t\t\t\t\t\t\t\t\t\t\t\t\t\t\t<img decoding=\"async\" width=\"685\" height=\"449\" src=\"https:\/\/pasiekijanowskich.pl\/wp-content\/uploads\/2024\/01\/13000206_1720499881563328_3299934557537256955_n.jpeg\" class=\"attachment-full size-full wp-image-906\" alt=\"\" srcset=\"https:\/\/pasiekijanowskich.pl\/wp-content\/uploads\/2024\/01\/13000206_1720499881563328_3299934557537256955_n.jpeg 685w, https:\/\/pasiekijanowskich.pl\/wp-content\/uploads\/2024\/01\/13000206_1720499881563328_3299934557537256955_n-504x330.jpeg 504w, https:\/\/pasiekijanowskich.pl\/wp-content\/uploads\/2024\/01\/13000206_1720499881563328_3299934557537256955_n-300x197.jpeg 300w\" sizes=\"(max-width: 685px) 100vw, 685px\" \/>\t\t\t\t\t\t\t\t\t\t\t\t\t\t\t<\/div>\n\t\t\t\t<\/div>\n\t\t\t\t\t<\/div>\n\t\t<\/div>\n\t\t\t\t<div class=\"elementor-column elementor-col-50 elementor-top-column elementor-element elementor-element-3eb99b5\" data-id=\"3eb99b5\" data-element_type=\"column\">\n\t\t\t<div class=\"elementor-widget-wrap elementor-element-populated\">\n\t\t\t\t\t\t<div class=\"elementor-element elementor-element-dee63c6 elementor-invisible elementor-widget elementor-widget-heading\" data-id=\"dee63c6\" data-element_type=\"widget\" data-settings=\"{&quot;_animation&quot;:&quot;fadeInRight&quot;}\" data-widget_type=\"heading.default\">\n\t\t\t\t<div class=\"elementor-widget-container\">\n\t\t\t\t\t<h1 class=\"elementor-heading-title elementor-size-default\">Z pasji i mi\u0142o\u015bci do natury...<\/h1>\t\t\t\t<\/div>\n\t\t\t\t<\/div>\n\t\t\t\t<div class=\"elementor-element elementor-element-9c62bcf elementor-widget elementor-widget-heading\" data-id=\"9c62bcf\" data-element_type=\"widget\" data-widget_type=\"heading.default\">\n\t\t\t\t<div class=\"elementor-widget-container\">\n\t\t\t\t\t<p class=\"elementor-heading-title elementor-size-default\">Zak\u0142ad Pasieki Janowskich ma swoje korzenie w pasji i mi\u0142o\u015bci do natury, kt\u00f3rej zarzewiem by\u0142 Edward Janowski, niezapomniany pszczelarz, kt\u00f3ry po\u015bwi\u0119ci\u0142 si\u0119 temu wyj\u0105tkowemu hobby ponad 50 lat temu. To nie by\u0142 przemys\u0142owy projekt czy praca, ale prawdziwe powo\u0142anie i oddanie, kt\u00f3re sprawi\u0142y, \u017ce pasieka sta\u0142a si\u0119 integraln\u0105 cz\u0119\u015bci\u0105 jego \u017cycia.<\/p>\t\t\t\t<\/div>\n\t\t\t\t<\/div>\n\t\t\t\t<div class=\"elementor-element elementor-element-55fd962 elementor-widget elementor-widget-heading\" data-id=\"55fd962\" data-element_type=\"widget\" data-widget_type=\"heading.default\">\n\t\t\t\t<div class=\"elementor-widget-container\">\n\t\t\t\t\t<p class=\"elementor-heading-title elementor-size-default\">Rozpocz\u0105\u0142 swoj\u0105 przygod\u0119 z pszczo\u0142ami od czterech rodzin pszczelich, a pasja do tych niezwyk\u0142ych stworze\u0144 przerodzi\u0142a si\u0119 w \u017cyciow\u0105 misj\u0119. Nie tylko rozwija\u0142 swoj\u0105 pasiek\u0119, ale r\u00f3wnie\u017c aktywnie uczestniczy\u0142 w \u017cyciu pszczelarstwa lokalnego jako d\u0142ugoletni cz\u0142onek Ko\u0142a Pszczelarzy w Piotrkowie Trybunalskim. Jego zaanga\u017cowanie w edukacj\u0119 m\u0142odych pszczelarzy sprawi\u0142o, \u017ce sta\u0142 si\u0119 nie tylko do\u015bwiadczonym pszczelarzem, ale tak\u017ce mentorem dla kolejnych pokole\u0144 mi\u0142o\u015bnik\u00f3w pszcz\u00f3\u0142.<\/p>\t\t\t\t<\/div>\n\t\t\t\t<\/div>\n\t\t\t\t<div class=\"elementor-element elementor-element-5d4d97f elementor-widget elementor-widget-heading\" data-id=\"5d4d97f\" data-element_type=\"widget\" data-widget_type=\"heading.default\">\n\t\t\t\t<div class=\"elementor-widget-container\">\n\t\t\t\t\t<p class=\"elementor-heading-title elementor-size-default\">Jego pasja do pszczo\u0142owego \u015bwiata zdoby\u0142a uznanie nie tylko w\u015br\u00f3d bliskich, ale tak\u017ce w ca\u0142ym \u015brodowisku pszczelarskim. Zosta\u0142 uhonorowany wieloma nagrodami, a w\u015br\u00f3d nich Statuetk\u0105 im. ks. dra Jana Dzier\u017conia, najwy\u017cszym wyr\u00f3\u017cnieniem Polskiego Zwi\u0105zku Pszczelarskiego za zas\u0142ugi dla pszczelarstwa w Polsce.<\/p>\t\t\t\t<\/div>\n\t\t\t\t<\/div>\n\t\t\t\t\t<\/div>\n\t\t<\/div>\n\t\t\t\t\t<\/div>\n\t\t<\/section>\n\t\t\t\t<section class=\"elementor-section elementor-top-section elementor-element elementor-element-fb47392 elementor-section-content-middle elementor-section-boxed elementor-section-height-default elementor-section-height-default\" data-id=\"fb47392\" data-element_type=\"section\">\n\t\t\t\t\t\t<div class=\"elementor-container elementor-column-gap-default\">\n\t\t\t\t\t<div class=\"elementor-column elementor-col-50 elementor-top-column elementor-element elementor-element-a869487\" data-id=\"a869487\" data-element_type=\"column\">\n\t\t\t<div class=\"elementor-widget-wrap elementor-element-populated\">\n\t\t\t\t\t\t<div class=\"elementor-element elementor-element-b6733d8 elementor-invisible elementor-widget elementor-widget-heading\" data-id=\"b6733d8\" data-element_type=\"widget\" data-settings=\"{&quot;_animation&quot;:&quot;fadeInRight&quot;}\" data-widget_type=\"heading.default\">\n\t\t\t\t<div class=\"elementor-widget-container\">\n\t\t\t\t\t<h1 class=\"elementor-heading-title elementor-size-default\">Tradycja Na Kolejne Pokolenia...\u200b<\/h1>\t\t\t\t<\/div>\n\t\t\t\t<\/div>\n\t\t\t\t<div class=\"elementor-element elementor-element-f475d7d elementor-widget elementor-widget-heading\" data-id=\"f475d7d\" data-element_type=\"widget\" data-widget_type=\"heading.default\">\n\t\t\t\t<div class=\"elementor-widget-container\">\n\t\t\t\t\t<p class=\"elementor-heading-title elementor-size-default\">Edward Janowski zmar\u0142 17 sierpnia 2023 roku, pozostawiaj\u0105c po sobie dziedzictwo, kt\u00f3re przekracza\u0142o granice zwyk\u0142ego pszczelarstwa. Jego odej\u015bcie to strata nie tylko dla rodziny, ale dla ca\u0142ej spo\u0142eczno\u015bci pszczelarskiej, kt\u00f3r\u0105 przez lata kszta\u0142towa\u0142 swoj\u0105 pasj\u0105 i oddaniem.\u200b<\/p>\t\t\t\t<\/div>\n\t\t\t\t<\/div>\n\t\t\t\t<div class=\"elementor-element elementor-element-08b4a09 elementor-widget elementor-widget-heading\" data-id=\"08b4a09\" data-element_type=\"widget\" data-widget_type=\"heading.default\">\n\t\t\t\t<div class=\"elementor-widget-container\">\n\t\t\t\t\t<p class=\"elementor-heading-title elementor-size-default\">Pasiekami zaj\u0105\u0142 si\u0119 teraz syn Grzegorz. To symboliczne dziedzictwo stanowi nie tylko kontynuacj\u0119 rodzinnego przedsi\u0119wzi\u0119cia, ale r\u00f3wnie\u017c ho\u0142d z\u0142o\u017cony zmar\u0142emu ojcu. Grzegorz nie tylko przej\u0105\u0142 pasiek\u0119, ale tak\u017ce zobowi\u0105za\u0142 si\u0119 do utrzymania i rozwijania tradycji, kt\u00f3rej fundamenty zosta\u0142y stworzone przez mistrza.\u200b<\/p>\t\t\t\t<\/div>\n\t\t\t\t<\/div>\n\t\t\t\t<div class=\"elementor-element elementor-element-7d21530 elementor-widget elementor-widget-heading\" data-id=\"7d21530\" data-element_type=\"widget\" data-widget_type=\"heading.default\">\n\t\t\t\t<div class=\"elementor-widget-container\">\n\t\t\t\t\t<p class=\"elementor-heading-title elementor-size-default\"><span style=\"font-family: Raleway, sans-serif;font-size: 20px;font-style: normal;font-weight: 600;letter-spacing: 0.2px\">Historia Pasieki Janowskich to nie tylko kronika pszczelarska, ale opowie\u015b\u0107 o pasji, trudzie, a przede wszystkim o dziedzictwie, kt\u00f3re pozostawi\u0142 po sobie za\u0142o\u017cyciel. Jego nauki i do\u015bwiadczenia przetrwaj\u0105 w ka\u017cdym u\u017c\u0105dleniu, w ka\u017cdym kroku, kt\u00f3ry podejmie Grzegorz, i w ka\u017cdym kszta\u0142tuj\u0105cym si\u0119 miodzie. Ka\u017cde pokolenie pszczelarzy, kt\u00f3re wyjdzie spod skrzyde\u0142 tej pasieki, b\u0119dzie nie\u015bmiertelnym upami\u0119tnieniem \u017cycia i pracy Edwarda Janowskiego.\n\n<\/span><br style=\"letter-spacing: 0.2px\"><span style=\"font-family: Raleway, sans-serif;font-size: 20px;font-style: normal;font-weight: 600;letter-spacing: 0.2px\">\nWierzymy, \u017ce Pasieka Janowskich nadal b\u0119dzie miejscem, gdzie tradycja spotyka si\u0119 z nowoczesno\u015bci\u0105, a pszczelarskie dziedzictwo Edwarda b\u0119dzie kwit\u0142o w\u015br\u00f3d kolejnych pokole\u0144.<\/span><span style=\"font-family: Raleway, sans-serif;font-size: 20px;font-style: normal;font-weight: 600;letter-spacing: 0.2px\"><\/span><\/p>\t\t\t\t<\/div>\n\t\t\t\t<\/div>\n\t\t\t\t\t<\/div>\n\t\t<\/div>\n\t\t\t\t<div class=\"elementor-column elementor-col-50 elementor-top-column elementor-element elementor-element-b48205f\" data-id=\"b48205f\" data-element_type=\"column\">\n\t\t\t<div class=\"elementor-widget-wrap elementor-element-populated\">\n\t\t\t\t\t\t<div class=\"elementor-element elementor-element-4f3af00 elementor-invisible elementor-widget elementor-widget-image\" data-id=\"4f3af00\" data-element_type=\"widget\" data-settings=\"{&quot;_animation&quot;:&quot;pulse&quot;}\" data-widget_type=\"image.default\">\n\t\t\t\t<div class=\"elementor-widget-container\">\n\t\t\t\t\t\t\t\t\t\t\t\t\t\t\t<img decoding=\"async\" width=\"391\" height=\"642\" src=\"https:\/\/pasiekijanowskich.pl\/wp-content\/uploads\/2024\/01\/369467658_784742220109170_5740066635381988365_n.jpeg\" class=\"attachment-full size-full wp-image-907\" alt=\"\" srcset=\"https:\/\/pasiekijanowskich.pl\/wp-content\/uploads\/2024\/01\/369467658_784742220109170_5740066635381988365_n.jpeg 391w, https:\/\/pasiekijanowskich.pl\/wp-content\/uploads\/2024\/01\/369467658_784742220109170_5740066635381988365_n-183x300.jpeg 183w\" sizes=\"(max-width: 391px) 100vw, 391px\" \/>\t\t\t\t\t\t\t\t\t\t\t\t\t\t\t<\/div>\n\t\t\t\t<\/div>\n\t\t\t\t<div class=\"elementor-element elementor-element-d9f4a84 elementor-invisible elementor-widget elementor-widget-image\" data-id=\"d9f4a84\" data-element_type=\"widget\" data-settings=\"{&quot;_animation&quot;:&quot;lightSpeedIn&quot;}\" data-widget_type=\"image.default\">\n\t\t\t\t<div class=\"elementor-widget-container\">\n\t\t\t\t\t\t\t\t\t\t\t\t\t\t\t<img loading=\"lazy\" decoding=\"async\" width=\"1470\" height=\"1310\" src=\"https:\/\/pasiekijanowskich.pl\/wp-content\/uploads\/2024\/01\/288193871_3270200219926612_610185756785086140_n-e1706016883899.jpeg\" class=\"attachment-full size-full wp-image-908\" alt=\"\" srcset=\"https:\/\/pasiekijanowskich.pl\/wp-content\/uploads\/2024\/01\/288193871_3270200219926612_610185756785086140_n-e1706016883899.jpeg 1470w, https:\/\/pasiekijanowskich.pl\/wp-content\/uploads\/2024\/01\/288193871_3270200219926612_610185756785086140_n-e1706016883899-504x449.jpeg 504w, https:\/\/pasiekijanowskich.pl\/wp-content\/uploads\/2024\/01\/288193871_3270200219926612_610185756785086140_n-e1706016883899-300x267.jpeg 300w, https:\/\/pasiekijanowskich.pl\/wp-content\/uploads\/2024\/01\/288193871_3270200219926612_610185756785086140_n-e1706016883899-1024x913.jpeg 1024w, https:\/\/pasiekijanowskich.pl\/wp-content\/uploads\/2024\/01\/288193871_3270200219926612_610185756785086140_n-e1706016883899-768x684.jpeg 768w\" sizes=\"(max-width: 1470px) 100vw, 1470px\" \/>\t\t\t\t\t\t\t\t\t\t\t\t\t\t\t<\/div>\n\t\t\t\t<\/div>\n\t\t\t\t\t<\/div>\n\t\t<\/div>\n\t\t\t\t\t<\/div>\n\t\t<\/section>\n\t\t\t\t<\/div>\n\t\t","protected":false},"excerpt":{"rendered":"<p>Historia naszej pasieki Z pasji i mi\u0142o\u015bci do natury&#8230; Zak\u0142ad Pasieki Janowskich ma swoje korzenie w pasji i mi\u0142o\u015bci do natury, kt\u00f3rej zarzewiem by\u0142 Edward Janowski, niezapomniany pszczelarz, kt\u00f3ry po\u015bwi\u0119ci\u0142 si\u0119 temu wyj\u0105tkowemu hobby ponad 50 lat temu. To nie by\u0142 przemys\u0142owy projekt czy praca, ale prawdziwe powo\u0142anie i oddanie, kt\u00f3re sprawi\u0142y, \u017ce pasieka sta\u0142a [&hellip;]<\/p>\n","protected":false},"author":1,"featured_media":0,"parent":0,"menu_order":0,"comment_status":"closed","ping_status":"closed","template":"","meta":{"ocean_post_layout":"full-screen","ocean_both_sidebars_style":"","ocean_both_sidebars_content_width":0,"ocean_both_sidebars_sidebars_width":0,"ocean_sidebar":"0","ocean_second_sidebar":"0","ocean_disable_margins":"enable","ocean_add_body_class":"","ocean_shortcode_before_top_bar":"","ocean_shortcode_after_top_bar":"","ocean_shortcode_before_header":"","ocean_shortcode_after_header":"","ocean_has_shortcode":"","ocean_shortcode_after_title":"","ocean_shortcode_before_footer_widgets":"","ocean_shortcode_after_footer_widgets":"","ocean_shortcode_before_footer_bottom":"","ocean_shortcode_after_footer_bottom":"","ocean_display_top_bar":"default","ocean_display_header":"default","ocean_header_style":"","ocean_center_header_left_menu":"0","ocean_custom_header_template":"0","ocean_custom_logo":0,"ocean_custom_retina_logo":0,"ocean_custom_logo_max_width":0,"ocean_custom_logo_tablet_max_width":0,"ocean_custom_logo_mobile_max_width":0,"ocean_custom_logo_max_height":0,"ocean_custom_logo_tablet_max_height":0,"ocean_custom_logo_mobile_max_height":0,"ocean_header_custom_menu":"0","ocean_menu_typo_font_family":"0","ocean_menu_typo_font_subset":"","ocean_menu_typo_font_size":0,"ocean_menu_typo_font_size_tablet":0,"ocean_menu_typo_font_size_mobile":0,"ocean_menu_typo_font_size_unit":"px","ocean_menu_typo_font_weight":"","ocean_menu_typo_font_weight_tablet":"","ocean_menu_typo_font_weight_mobile":"","ocean_menu_typo_transform":"","ocean_menu_typo_transform_tablet":"","ocean_menu_typo_transform_mobile":"","ocean_menu_typo_line_height":0,"ocean_menu_typo_line_height_tablet":0,"ocean_menu_typo_line_height_mobile":0,"ocean_menu_typo_line_height_unit":"","ocean_menu_typo_spacing":0,"ocean_menu_typo_spacing_tablet":0,"ocean_menu_typo_spacing_mobile":0,"ocean_menu_typo_spacing_unit":"","ocean_menu_link_color":"","ocean_menu_link_color_hover":"","ocean_menu_link_color_active":"","ocean_menu_link_background":"","ocean_menu_link_hover_background":"","ocean_menu_link_active_background":"","ocean_menu_social_links_bg":"","ocean_menu_social_hover_links_bg":"","ocean_menu_social_links_color":"","ocean_menu_social_hover_links_color":"","ocean_disable_title":"on","ocean_disable_heading":"on","ocean_post_title":"","ocean_post_subheading":"","ocean_post_title_style":"","ocean_post_title_background_color":"","ocean_post_title_background":0,"ocean_post_title_bg_image_position":"","ocean_post_title_bg_image_attachment":"","ocean_post_title_bg_image_repeat":"","ocean_post_title_bg_image_size":"","ocean_post_title_height":0,"ocean_post_title_bg_overlay":0.5,"ocean_post_title_bg_overlay_color":"","ocean_disable_breadcrumbs":"off","ocean_breadcrumbs_color":"","ocean_breadcrumbs_separator_color":"","ocean_breadcrumbs_links_color":"","ocean_breadcrumbs_links_hover_color":"","ocean_display_footer_widgets":"default","ocean_display_footer_bottom":"default","ocean_custom_footer_template":"0","footnotes":""},"class_list":["post-35","page","type-page","status-publish","hentry","entry","owp-thumbs-layout-vertical","owp-btn-big","owp-tabs-layout-horizontal","has-no-thumbnails"],"_links":{"self":[{"href":"https:\/\/pasiekijanowskich.pl\/index.php\/wp-json\/wp\/v2\/pages\/35","targetHints":{"allow":["GET"]}}],"collection":[{"href":"https:\/\/pasiekijanowskich.pl\/index.php\/wp-json\/wp\/v2\/pages"}],"about":[{"href":"https:\/\/pasiekijanowskich.pl\/index.php\/wp-json\/wp\/v2\/types\/page"}],"author":[{"embeddable":true,"href":"https:\/\/pasiekijanowskich.pl\/index.php\/wp-json\/wp\/v2\/users\/1"}],"replies":[{"embeddable":true,"href":"https:\/\/pasiekijanowskich.pl\/index.php\/wp-json\/wp\/v2\/comments?post=35"}],"version-history":[{"count":61,"href":"https:\/\/pasiekijanowskich.pl\/index.php\/wp-json\/wp\/v2\/pages\/35\/revisions"}],"predecessor-version":[{"id":1060,"href":"https:\/\/pasiekijanowskich.pl\/index.php\/wp-json\/wp\/v2\/pages\/35\/revisions\/1060"}],"wp:attachment":[{"href":"https:\/\/pasiekijanowskich.pl\/index.php\/wp-json\/wp\/v2\/media?parent=35"}],"curies":[{"name":"wp","href":"https:\/\/api.w.org\/{rel}","templated":true}]}}